{"id":4006,"date":"2021-06-01T17:16:14","date_gmt":"2021-06-01T15:16:14","guid":{"rendered":"http:\/\/choir.fuw.edu.pl\/?page_id=4006"},"modified":"2024-05-15T15:42:45","modified_gmt":"2024-05-15T13:42:45","slug":"wspolpraca","status":"publish","type":"page","link":"https:\/\/chor.fuw.edu.pl\/index.php\/wspolpraca\/","title":{"rendered":"Wsp\u00f3\u0142praca"},"content":{"rendered":"<p>Ch\u00f3r Wydzia\u0142u Fizyki UW wsp\u00f3\u0142pracuje z innymi grupami artystycznymi. Z innymi ch\u00f3rami wydzia\u0142owymi UW wyst\u0119pujemy w ramach dorocznego festiwalu <a href=\"https:\/\/choir.fuw.edu.pl\/index.php\/o-nas\/choralne-akceleracje\/\">Ch\u00f3ralne Akceleracje<\/a>.\u00a0<\/p>\r\n<p><iframe style=\"border: none; overflow: hidden;\" src=\"https:\/\/www.facebook.com\/plugins\/page.php?href=https%3A%2F%2Fwww.facebook.com%2FChorWBUW%2F&amp;tabs&amp;width=500&amp;height=130&amp;small_header=false&amp;adapt_container_width=true&amp;hide_cover=false&amp;show_facepile=false&amp;appId\" width=\"500\" height=\"130\" frameborder=\"0\" scrolling=\"no\" allowfullscreen=\"allowfullscreen\"><\/iframe><br \/><iframe style=\"border: none; overflow: hidden;\" src=\"https:\/\/www.facebook.com\/plugins\/page.php?href=https%3A%2F%2Fwww.facebook.com%2FChorMIM&amp;tabs&amp;width=500&amp;height=130&amp;small_header=false&amp;adapt_container_width=true&amp;hide_cover=false&amp;show_facepile=false&amp;appId\" width=\"500\" height=\"130\" frameborder=\"0\" scrolling=\"no\" allowfullscreen=\"allowfullscreen\"><\/iframe><br \/><iframe style=\"border: none; overflow: hidden;\" src=\"https:\/\/www.facebook.com\/plugins\/page.php?href=https%3A%2F%2Fwww.facebook.com%2Fchorwdib%2F&amp;tabs&amp;width=500&amp;height=130&amp;small_header=false&amp;adapt_container_width=true&amp;hide_cover=false&amp;show_facepile=false&amp;appId\" width=\"500\" height=\"130\" frameborder=\"0\" scrolling=\"no\" allowfullscreen=\"allowfullscreen\"><\/iframe><\/p>\r\n<p>Mieli\u015bmy tak\u017ce okazj\u0119 wsp\u00f3\u0142pracowa\u0107 z <a href=\"https:\/\/www.chor.uw.edu.pl\/\">Ch\u00f3rem Akademickim UW<\/a> m.in. w ramach cyklu koncert\u00f3w <a href=\"http:\/\/mocklasyki.pl\/\">Moc klasyki<\/a>. Wykonywali\u015bmy wtedy dzie\u0142a &#8222;Carmina Burana&#8221; Carla Orffa i &#8222;Planety&#8221; Gustawa Holsta z <a href=\"https:\/\/www.polskieradio.pl\/79,Orkiestra-Polskiego-Radia-w-Warszawie\">Orkiestr\u0105 Polskiego Radia w Warszawie<\/a>\u00a0Towarzyszyli\u015bmy r\u00f3wnie\u017c w widowiskach <a href=\"http:\/\/teatr.uw.edu.pl\/\">Teatru Hybrydy<\/a> &#8211; koncertach patriotycznych &#8222;Ta nasza wolno\u015b\u0107&#8221; z okazji 100-lecia Niepodleg\u0142o\u015bci oraz Koncert &#8222;Czterdzie\u015bci cztery&#8221; upami\u0119tniaj\u0105cym 75. rocznic\u0119 Powstania Warszawskiego.<\/p>\r\n\r\n<p>&nbsp;<\/p>\r\n","protected":false},"excerpt":{"rendered":"<p>Ch\u00f3r Wydzia\u0142u Fizyki UW wsp\u00f3\u0142pracuje z innymi grupami artystycznymi. Z innymi ch\u00f3rami wydzia\u0142owymi UW wyst\u0119pujemy w ramach dorocznego festiwalu Ch\u00f3ralne Akceleracje.\u00a0 Mieli\u015bmy tak\u017ce okazj\u0119 wsp\u00f3\u0142pracowa\u0107 z Ch\u00f3rem Akademickim UW m.in. <a href=\"https:\/\/chor.fuw.edu.pl\/index.php\/wspolpraca\/\" rel=\"nofollow\"><span class=\"sr-only\">Read more about Wsp\u00f3\u0142praca<\/span>[&hellip;]<\/a><\/p>\n","protected":false},"author":1,"featured_media":0,"parent":0,"menu_order":0,"comment_status":"closed","ping_status":"closed","template":"","meta":{"footnotes":""},"class_list":["post-4006","page","type-page","status-publish","hentry"],"_links":{"self":[{"href":"https:\/\/chor.fuw.edu.pl\/index.php\/wp-json\/wp\/v2\/pages\/4006","targetHints":{"allow":["GET"]}}],"collection":[{"href":"https:\/\/chor.fuw.edu.pl\/index.php\/wp-json\/wp\/v2\/pages"}],"about":[{"href":"https:\/\/chor.fuw.edu.pl\/index.php\/wp-json\/wp\/v2\/types\/page"}],"author":[{"embeddable":true,"href":"https:\/\/chor.fuw.edu.pl\/index.php\/wp-json\/wp\/v2\/users\/1"}],"replies":[{"embeddable":true,"href":"https:\/\/chor.fuw.edu.pl\/index.php\/wp-json\/wp\/v2\/comments?post=4006"}],"version-history":[{"count":15,"href":"https:\/\/chor.fuw.edu.pl\/index.php\/wp-json\/wp\/v2\/pages\/4006\/revisions"}],"predecessor-version":[{"id":4761,"href":"https:\/\/chor.fuw.edu.pl\/index.php\/wp-json\/wp\/v2\/pages\/4006\/revisions\/4761"}],"wp:attachment":[{"href":"https:\/\/chor.fuw.edu.pl\/index.php\/wp-json\/wp\/v2\/media?parent=4006"}],"curies":[{"name":"wp","href":"https:\/\/api.w.org\/{rel}","templated":true}]}}