{"id":3566,"date":"2011-12-10T20:16:31","date_gmt":"2011-12-10T19:16:31","guid":{"rendered":"http:\/\/127.0.0.1\/fiz\/?page_id=20"},"modified":"2025-09-19T10:48:05","modified_gmt":"2025-09-19T08:48:05","slug":"dolacz-do-nas","status":"publish","type":"page","link":"https:\/\/chor.fuw.edu.pl\/index.php\/dolacz-do-nas\/","title":{"rendered":"Zapraszamy do wst\u0105pienia w nasze szeregi!"},"content":{"rendered":"\n<p><\/p>\n\n\n<p>Aby do\u0142\u0105czy\u0107 do Ch\u00f3ru Wydzia\u0142u Fizyki wystarczy um\u00f3wi\u0107 si\u0119 na przes\u0142uchanie &#8211; drog\u0105 mailow\u0105 (chor@fuw.edu.pl) lub przez\u00a0<a href=\"https:\/\/www.facebook.com\/chorfuw\/\">Facebooka<\/a>, da\u0107 pr\u00f3bk\u0119 swoich mo\u017cliwo\u015bci naszej dyrygent, pomy\u015blnie przej\u015b\u0107 egzamin i do dzie\u0142a!\u00a0 : )<\/p>\n<p>Pr\u00f3by ch\u00f3ru odbywaj\u0105 si\u0119 raz w tygodniu, we poniedzia\u0142ki w godzinach 18:00-20:30 w sali 006 (parter) przy ul. Pasteura 5.<\/p>\n<p>Je\u015bli brakuje Ci punkt\u00f3w ECTS i lubisz \u015bpiewa\u0107, mo\u017cesz je nadrobi\u0107 zapisuj\u0105c si\u0119 na ch\u00f3r jako OGUN. <br \/>Kliknij <a href=\"https:\/\/chor.fuw.edu.pl\/index.php\/chor-jako-ogun\/\" target=\"_blank\" rel=\"noopener noreferrer\">tutaj<\/a>, aby dowiedzie\u0107 si\u0119 wi\u0119cej.\u00a0<\/p>\n<header class=\"entry-header\"><\/header>\n<p>Naszym celem jest dzia\u0142alno\u015b\u0107 artystyczna, rozwijanie zainteresowa\u0144 i\u00a0zdolno\u015bci muzycznych student\u00f3w, absolwent\u00f3w, doktorant\u00f3w i pracownik\u00f3w Wydzia\u0142u oraz zach\u0119canie ich do tw\u00f3rczego sp\u0119dzania wolnego czasu.<\/p>\n<h3 class=\"entry-title\">Prezentacja Ch\u00f3ru FUW<\/h3>\n\n\n<figure class=\"wp-block-embed is-type-video is-provider-youtube wp-block-embed-youtube wp-embed-aspect-4-3 wp-has-aspect-ratio\"><div class=\"wp-block-embed__wrapper\">\n<iframe title=\"CHO\u0301R WYDZIA\u0141U FIZYKI UW - PREZENTACJA\" width=\"640\" height=\"480\" src=\"https:\/\/www.youtube.com\/embed\/BLu3WbXs06k?feature=oembed\" frameborder=\"0\" allow=\"accelerometer; autoplay; clipboard-write; encrypted-media; gyroscope; picture-in-picture; web-share\" referrerpolicy=\"strict-origin-when-cross-origin\" allowfullscreen><\/iframe>\n<\/div><\/figure>\n\n\n\n<div class=\"wp-block-group\"><div class=\"wp-block-group__inner-container is-layout-flow wp-block-group-is-layout-flow\">\n<p><\/p>\n\n\n\n<p><\/p>\n<\/div><\/div>\n\n\n\n<div class=\"wp-block-group\"><div class=\"wp-block-group__inner-container is-layout-flow wp-block-group-is-layout-flow\">\n<header class=\"entry-header\">\n<h3>\u00a0<\/h3>\n<h3 id=\"faq\" class=\"entry-title\">Czy mog\u0119 \u015bpiewa\u0107 w ch\u00f3rze? \u2013 najcz\u0119\u015bciej zadawane pytania<\/h3>\n<\/header>\n<div class=\"entry-content\">\n<p>Aby zach\u0119ci\u0107 niezdecydowanych zamieszczamy odpowiedzi na cz\u0119sto powtarzaj\u0105ce si\u0119 pytania.\u00a0Mamy nadziej\u0119, \u017ce dodadz\u0105 one odwagi i ju\u017c wkr\u00f3tce b\u0119dziemy wsp\u00f3lnie wyst\u0119powa\u0107 jako Ch\u00f3r Wydzia\u0142u Fizyki UW! : )<\/p>\n<p><strong>1. Czy musz\u0119 zna\u0107 nuty?<\/strong><\/p>\n<p>Nie, nie jest wymagana umiej\u0119tno\u015b\u0107 czytania nut. Podczas pr\u00f3b utwory s\u0105 rozczytywane, to jest ka\u017cdy g\u0142os po kolei uczy si\u0119 swojej partii, powtarzaj\u0105c j\u0105 po dyrygentce.<\/p>\n<p><strong><div class=\"show_more\"><p class=\"wpsm-show\" style=\"color: #cc0000; font-size: 100%; text-align: left;\"> Rozwi\u0144<\/p><div class=\"wpsm-content\">\u00a0<\/strong><strong>2. Czy na przes\u0142uchaniu musz\u0119 za\u015bpiewa\u0107 jaki\u015b utw\u00f3r?<\/strong><\/p>\n<p>R\u00f3wnie\u017c nie, wystarczy przyj\u015b\u0107 i powtarza\u0107 po dyrygentce proste melodyjki.<\/p>\n<p><strong>3. Sk\u0105d mam wiedzie\u0107, czy jestem altem, sopranem, basem czy tenorem?<\/strong><\/p>\n<p>I ta wiedza nie jest niezb\u0119dna \u2013 to sprawdza dyrygentka podczas przes\u0142uchania na podstawie skali i barwy g\u0142osu.<\/p>\n<p><strong>4. A co je\u015bli nie jestem pewien\/pewna czy umiem czysto \u015bpiewa\u0107?<\/strong><\/p>\n<p>Wystarczy przyj\u015b\u0107 i sprawdzi\u0107 \u2013 nawet dla samego siebie warto si\u0119 dowiedzie\u0107 : )<\/p>\n<p><strong>5. Czy musz\u0119 by\u0107 studentem na Wydziale Fizyki UW, \u017ceby \u015bpiewa\u0107 w Waszym Ch\u00f3rze?<br \/><\/strong><\/p>\n<p>Nie trzeba by\u0107 ani studentem, ani fizykiem, aby \u015bpiewa\u0107 w naszym ch\u00f3rze! Opr\u00f3cz student\u00f3w i doktorant\u00f3w fizyki s\u0105 w\u015br\u00f3d nas osoby, kt\u00f3re sko\u0144czy\u0142y ju\u017c studia i nie s\u0105 zwi\u0105zane z fizyk\u0105. Albo takie, kt\u00f3re studiuj\u0105 na innych kierunkach lub uczelniach.\u00a0<\/p>\n<p><strong>6. Kiedy najlepiej do\u0142\u0105czy\u0107 do waszego Ch\u00f3ru?<\/strong><\/p>\n<p>Zdecydowanie najlepszy jest pocz\u0105tek semestru, kiedy rozpoczynamy prac\u0119 nad nowymi utworami i ustalamy plany koncertowe na nowy semestr.<\/p>\n<p><strong>7. Jak um\u00f3wi\u0107 si\u0119 na przes\u0142uchanie?<\/strong><\/p>\n<p>Wystarczy napisa\u0107 maila na adres: chor@fuw.edu.pl albo wiadomo\u015b\u0107 na Facebooku. Chyba, \u017ce akurat s\u0105 oficjalnie rozpisane przes\u0142uchania z podanymi datami i godzinami, wtedy nale\u017cy zjawi\u0107 si\u0119 we wskazanym miejscu i o danej godzinie. <img decoding=\"async\" class=\"emoji\" role=\"img\" draggable=\"false\" src=\"https:\/\/s.w.org\/images\/core\/emoji\/13.0.0\/svg\/1f642.svg\" alt=\"\ud83d\ude42\" \/><\/p>\n<p><strong>8. Czy sukni\u0119 ch\u00f3raln\u0105 trzeba uszy\u0107 sobie we w\u0142asnym zakresie?<\/strong><\/p>\n<p>Nie, suknie s\u0105 w\u0142asno\u015bci\u0105 Wydzia\u0142u i s\u0105 wypo\u017cyczane ch\u00f3rzystkom.<\/p>\n<p><strong>9. Jak cz\u0119sto s\u0105 pr\u00f3by Ch\u00f3ru Wydzia\u0142u Fizyki UW?<\/strong><\/p>\n<p>Pr\u00f3by naszego Ch\u00f3ru s\u0105 raz w tygodniu \u2013 w poniedzia\u0142ki od godziny 18:00 do 20:30.<\/p>\n<p><strong> <p class=\"wpsm-hide\" style=\"color: #cc0000; font-size: 100%; text-align: left;\"> Zwi\u0144<\/p><\/div><\/div><\/strong><\/p>\n<\/div>\n<\/div><\/div>\n","protected":false},"excerpt":{"rendered":"<p>Aby do\u0142\u0105czy\u0107 do Ch\u00f3ru Wydzia\u0142u Fizyki wystarczy um\u00f3wi\u0107 si\u0119 na przes\u0142uchanie &#8211; drog\u0105 mailow\u0105 (chor@fuw.edu.pl) lub przez\u00a0Facebooka, da\u0107 pr\u00f3bk\u0119 swoich mo\u017cliwo\u015bci naszej dyrygent, pomy\u015blnie przej\u015b\u0107 egzamin i do dzie\u0142a!\u00a0 : <a href=\"https:\/\/chor.fuw.edu.pl\/index.php\/dolacz-do-nas\/\" rel=\"nofollow\"><span class=\"sr-only\">Read more about Zapraszamy do wst\u0105pienia w nasze szeregi!<\/span>[&hellip;]<\/a><\/p>\n","protected":false},"author":1,"featured_media":0,"parent":0,"menu_order":0,"comment_status":"open","ping_status":"closed","template":"","meta":{"footnotes":""},"class_list":["post-3566","page","type-page","status-publish","hentry"],"_links":{"self":[{"href":"https:\/\/chor.fuw.edu.pl\/index.php\/wp-json\/wp\/v2\/pages\/3566","targetHints":{"allow":["GET"]}}],"collection":[{"href":"https:\/\/chor.fuw.edu.pl\/index.php\/wp-json\/wp\/v2\/pages"}],"about":[{"href":"https:\/\/chor.fuw.edu.pl\/index.php\/wp-json\/wp\/v2\/types\/page"}],"author":[{"embeddable":true,"href":"https:\/\/chor.fuw.edu.pl\/index.php\/wp-json\/wp\/v2\/users\/1"}],"replies":[{"embeddable":true,"href":"https:\/\/chor.fuw.edu.pl\/index.php\/wp-json\/wp\/v2\/comments?post=3566"}],"version-history":[{"count":42,"href":"https:\/\/chor.fuw.edu.pl\/index.php\/wp-json\/wp\/v2\/pages\/3566\/revisions"}],"predecessor-version":[{"id":4998,"href":"https:\/\/chor.fuw.edu.pl\/index.php\/wp-json\/wp\/v2\/pages\/3566\/revisions\/4998"}],"wp:attachment":[{"href":"https:\/\/chor.fuw.edu.pl\/index.php\/wp-json\/wp\/v2\/media?parent=3566"}],"curies":[{"name":"wp","href":"https:\/\/api.w.org\/{rel}","templated":true}]}}