{"id":295,"date":"2012-02-22T15:35:05","date_gmt":"2012-02-22T14:35:05","guid":{"rendered":"http:\/\/webek.okwf.fuw.edu.pl\/chor\/?page_id=295"},"modified":"2024-05-14T09:17:36","modified_gmt":"2024-05-14T07:17:36","slug":"choralne-akceleracje","status":"publish","type":"page","link":"https:\/\/chor.fuw.edu.pl\/index.php\/o-nas\/choralne-akceleracje\/","title":{"rendered":"Ch\u00f3ralne Akceleracje"},"content":{"rendered":"<p><em>Ch\u00f3ralne Akceleracje<\/em> to doroczny, wiosenny koncert ch\u00f3r\u00f3w wydzia\u0142owych Uniwersytetu Warszawskiego, organizowany w najwi\u0119kszych salach uczelnianych, takich jak: Audytorium Maximum, Aula Starego BUW-u, Hol Centrum Nowych Technologii czy aule wydzia\u0142owe i gromadz\u0105cy w ka\u017cdym roku ponad trzystuosobow\u0105 publiczno\u015b\u0107.<\/p>\r\n<p>Pomys\u0142odawcami i organizatorami od pierwszej edycji s\u0105 Ch\u00f3r Wydzia\u0142u Biologii i Ch\u00f3r Wydzia\u0142u Fizyki.\u00a0<\/p>\r\n<p>W pierwszych edycjach bra\u0142 tak\u017ce udzia\u0142 ch\u00f3r Wydzia\u0142u Pedagogicznego (dyr. Marta Radwa\u0144ska), nast\u0119pnie tak\u017ce Ch\u00f3r Centrum Nauki Kopernik (dyr. Zofia Borkowska i Bela Krynicka). W latach 2014-2017 roku wsp\u00f3\u0142tw\u00f3rc\u0105 wydarzenia by\u0142 ch\u00f3r Wydzia\u0142u Zarz\u0105dzania (dyr. Joanna Dacko), od 2015 do\u0142\u0105czy\u0142 do grona akceleracyjnego Ch\u00f3r Wydzia\u0142u Matematyki, Informatyki i Mechaniki (dyr. Adrianna \u017bo\u0142nierczuk-Malec), od 2018 &#8211; Ch\u00f3r Wydzia\u0142u Dziennikarstwa (dyr. Karolina Silkina) i od 2022 &#8211; Ch\u00f3r Wydzia\u0142u Chemii (dyr. Ilona Jaworska).\u00a0<\/p>\r\n<p>Ch\u00f3ralnym Akceleracjom towarzysz\u0105 motywy przewodnie: m.in wyj\u0105tkowy charakter mia\u0142a \u00f3sma edycja Ch\u00f3ralnych Akceleracji, nawi\u0105zywa\u0142a bowiem do jubileuszu 200-lecia Uniwersytetu Warszawskiego i z tej okazji powsta\u0142a niezwyk\u0142y utw\u00f3r autorstwa Anny Huszczy. Podczas dziewi\u0105tych Akceleracji, kt\u00f3re by\u0142y jednym z wydarze\u0144 Roku Wis\u0142y, zabrzmia\u0142 r\u00f3wnie\u017c specjalnie na t\u0119 okazj\u0119 napisany utw\u00f3r autorstwa Micha\u0142a Malca do tekstu K.I. Ga\u0142czy\u0144skiego. Jubileuszowe, dziesi\u0105te Akceleracje odby\u0142y si\u0119 w Centrum Nowych Technologii UW, gdzie zabrzmia\u0142a &#8222;Gloria&#8221; Antonio Vivaldiego w wykonaniu ch\u00f3r\u00f3w z towarzyszeniem zespo\u0142u instrumentalnego Senza Battuta. Zwie\u0144czeniem jedenastych Akceleracji by\u0142o wsp\u00f3lne wykonanie pie\u015bni Stanis\u0142awa Moniuszki &#8222;Znasz li ten kraj&#8221;, kt\u00f3re wpisa\u0142o si\u0119 w obchody dwusetnej rocznicy urodzin kompozytora.\u00a0<\/p>\r\n<p>Aktualnie ch\u00f3ry wydzia\u0142owe, dzia\u0142aj\u0105ce na Uniwersytecie i bior\u0105ce udzia\u0142 w Ch\u00f3ralnych Akceleracjach to:<\/p>\r\n<p style=\"font-weight: 400;\"><a href=\"https:\/\/www.facebook.com\/chorwdib\/\" data-saferedirecturl=\"https:\/\/www.google.com\/url?q=https:\/\/www.facebook.com\/chorwdib\/&amp;source=gmail&amp;ust=1715757325734000&amp;usg=AOvVaw28MbFIQpWz29lLVM8j5kEH\">Ch\u00f3r Wydzia\u0142u Dziennikarstwa, Informacji i Bibliologii UW<\/a>, dyr. Karolina Silkina<\/p>\r\n<p style=\"font-weight: 400;\"><a href=\"https:\/\/www.facebook.com\/ChorWBUW\/?locale=pl_PL\" data-saferedirecturl=\"https:\/\/www.google.com\/url?q=https:\/\/www.facebook.com\/ChorWBUW\/?locale%3Dpl_PL&amp;source=gmail&amp;ust=1715757325734000&amp;usg=AOvVaw0KXbqDrPoGr9dl20adxphc\">Ch\u00f3r Wydzia\u0142u Biologii UW<\/a>, dyr. Marta Szeliga<\/p>\r\n<p style=\"font-weight: 400;\"><a href=\"https:\/\/www.facebook.com\/chorfuw\" data-saferedirecturl=\"https:\/\/www.google.com\/url?q=https:\/\/www.facebook.com\/chorfuw&amp;source=gmail&amp;ust=1715757325734000&amp;usg=AOvVaw3Bu-g3QoOmGiwfcBSsQ3Is\">Ch\u00f3r Wydzia\u0142u Fizyki UW<\/a>, dyr. Katarzyna Szewczyk<\/p>\r\n<p style=\"font-weight: 400;\"><a href=\"https:\/\/www.facebook.com\/ChorWCh\" data-saferedirecturl=\"https:\/\/www.google.com\/url?q=https:\/\/www.facebook.com\/ChorWCh&amp;source=gmail&amp;ust=1715757325734000&amp;usg=AOvVaw24YoIJ-pBAohSmDcVb90Cr\">Ch\u00f3r Wydzia\u0142u Chemii UW<\/a>, dyr. Ilona Jaworska<\/p>\r\n<p style=\"font-weight: 400;\"><a href=\"https:\/\/www.facebook.com\/ChorMIM\/\" data-saferedirecturl=\"https:\/\/www.google.com\/url?q=https:\/\/www.facebook.com\/ChorMIM\/&amp;source=gmail&amp;ust=1715757325734000&amp;usg=AOvVaw0pKoI1XfFxYs_zSt5Hfbtm\">Ch\u00f3r Wydzia\u0142u Matematyki, Informatyki i Mechaniki,<\/a> dyr. Adrianna \u017bo\u0142nierczuk &#8211; Malec<\/p>\r\n<p>Strona na FB: <a href=\"https:\/\/www.facebook.com\/akceleracje\/\">www.facebook.com\/akceleracje<\/a><\/p>\r\n\r\n<figure class=\"wp-block-image size-large is-resized\"><img fetchpriority=\"high\" decoding=\"async\" class=\"wp-image-4146\" src=\"http:\/\/choir.fuw.edu.pl\/wp-content\/uploads\/2021\/06\/akceleracje.jpg\" alt=\"\" width=\"577\" height=\"384\" srcset=\"https:\/\/chor.fuw.edu.pl\/wp-content\/uploads\/2021\/06\/akceleracje.jpg 960w, https:\/\/chor.fuw.edu.pl\/wp-content\/uploads\/2021\/06\/akceleracje-300x200.jpg 300w, https:\/\/chor.fuw.edu.pl\/wp-content\/uploads\/2021\/06\/akceleracje-768x512.jpg 768w, https:\/\/chor.fuw.edu.pl\/wp-content\/uploads\/2021\/06\/akceleracje-750x500.jpg 750w, https:\/\/chor.fuw.edu.pl\/wp-content\/uploads\/2021\/06\/akceleracje-272x182.jpg 272w\" sizes=\"(max-width: 577px) 100vw, 577px\" \/>\r\n<figcaption><em>11. Ch\u00f3ralne Akceleracje, 24.05.2019r.<\/em><\/figcaption>\r\n<\/figure>\r\n","protected":false},"excerpt":{"rendered":"<p>Ch\u00f3ralne Akceleracje to doroczny, wiosenny koncert ch\u00f3r\u00f3w wydzia\u0142owych Uniwersytetu Warszawskiego, organizowany w najwi\u0119kszych salach uczelnianych, takich jak: Audytorium Maximum, Aula Starego BUW-u, Hol Centrum Nowych Technologii czy aule wydzia\u0142owe i <a href=\"https:\/\/chor.fuw.edu.pl\/index.php\/o-nas\/choralne-akceleracje\/\" rel=\"nofollow\"><span class=\"sr-only\">Read more about Ch\u00f3ralne Akceleracje<\/span>[&hellip;]<\/a><\/p>\n","protected":false},"author":1,"featured_media":0,"parent":17,"menu_order":0,"comment_status":"closed","ping_status":"closed","template":"","meta":{"footnotes":""},"class_list":["post-295","page","type-page","status-publish","hentry"],"_links":{"self":[{"href":"https:\/\/chor.fuw.edu.pl\/index.php\/wp-json\/wp\/v2\/pages\/295","targetHints":{"allow":["GET"]}}],"collection":[{"href":"https:\/\/chor.fuw.edu.pl\/index.php\/wp-json\/wp\/v2\/pages"}],"about":[{"href":"https:\/\/chor.fuw.edu.pl\/index.php\/wp-json\/wp\/v2\/types\/page"}],"author":[{"embeddable":true,"href":"https:\/\/chor.fuw.edu.pl\/index.php\/wp-json\/wp\/v2\/users\/1"}],"replies":[{"embeddable":true,"href":"https:\/\/chor.fuw.edu.pl\/index.php\/wp-json\/wp\/v2\/comments?post=295"}],"version-history":[{"count":9,"href":"https:\/\/chor.fuw.edu.pl\/index.php\/wp-json\/wp\/v2\/pages\/295\/revisions"}],"predecessor-version":[{"id":4642,"href":"https:\/\/chor.fuw.edu.pl\/index.php\/wp-json\/wp\/v2\/pages\/295\/revisions\/4642"}],"up":[{"embeddable":true,"href":"https:\/\/chor.fuw.edu.pl\/index.php\/wp-json\/wp\/v2\/pages\/17"}],"wp:attachment":[{"href":"https:\/\/chor.fuw.edu.pl\/index.php\/wp-json\/wp\/v2\/media?parent=295"}],"curies":[{"name":"wp","href":"https:\/\/api.w.org\/{rel}","templated":true}]}}