{"id":2763,"date":"2016-01-30T17:05:50","date_gmt":"2016-01-30T17:05:50","guid":{"rendered":"http:\/\/chor.fuw.edu.pl\/?page_id=2763"},"modified":"2021-06-30T15:57:01","modified_gmt":"2021-06-30T13:57:01","slug":"do-posluchania","status":"publish","type":"page","link":"https:\/\/chor.fuw.edu.pl\/index.php\/do-posluchania\/","title":{"rendered":"Do pos\u0142uchania"},"content":{"rendered":"\n<figure class=\"wp-block-embed-youtube wp-block-embed is-type-video is-provider-youtube wp-embed-aspect-16-9 wp-has-aspect-ratio\"><div class=\"wp-block-embed__wrapper\">\n<iframe title=\"Da Fluorine song - 19th The European Symposium on Fluorine Chemistry\" width=\"640\" height=\"360\" src=\"https:\/\/www.youtube.com\/embed\/l52gvLoq05U?feature=oembed\" frameborder=\"0\" allow=\"accelerometer; autoplay; clipboard-write; encrypted-media; gyroscope; picture-in-picture; web-share\" referrerpolicy=\"strict-origin-when-cross-origin\" allowfullscreen><\/iframe>\n<\/div><\/figure>\n\n\n\n<figure class=\"wp-block-embed-youtube wp-block-embed is-type-video is-provider-youtube wp-embed-aspect-16-9 wp-has-aspect-ratio\"><div class=\"wp-block-embed__wrapper\">\n<iframe title=\"Scena UW \u2013 \u201eZe \u015apiewnika domowego Moniuszki\u201d \u2013 Ch\u00f3r Wydzia\u0142u Fizyki UW\" width=\"640\" height=\"360\" src=\"https:\/\/www.youtube.com\/embed\/3uJE6XW2etM?feature=oembed\" frameborder=\"0\" allow=\"accelerometer; autoplay; clipboard-write; encrypted-media; gyroscope; picture-in-picture; web-share\" referrerpolicy=\"strict-origin-when-cross-origin\" allowfullscreen><\/iframe>\n<\/div><\/figure>\n\n\n\n<figure class=\"wp-block-embed-youtube wp-block-embed is-type-video is-provider-youtube wp-embed-aspect-16-9 wp-has-aspect-ratio\"><div class=\"wp-block-embed__wrapper\">\n<iframe title=\"A. Vivaldi - &quot;Propter magnam gloriam&quot; - Ch\u00f3r Wydzia\u0142u Fizyki UW - Ch\u00f3ralne Akceleracje 2018\" width=\"640\" height=\"360\" src=\"https:\/\/www.youtube.com\/embed\/sneA9pZVfhA?feature=oembed\" frameborder=\"0\" allow=\"accelerometer; autoplay; clipboard-write; encrypted-media; gyroscope; picture-in-picture; web-share\" referrerpolicy=\"strict-origin-when-cross-origin\" allowfullscreen><\/iframe>\n<\/div><\/figure>\n\n\n\n<figure class=\"wp-block-embed-youtube wp-block-embed is-type-video is-provider-youtube wp-embed-aspect-16-9 wp-has-aspect-ratio\"><div class=\"wp-block-embed__wrapper\">\n<iframe title=\"Ch\u00f3r Wydzia\u0142u Fizyki UW - Ave Maria - Franz Biebl\" width=\"640\" height=\"360\" src=\"https:\/\/www.youtube.com\/embed\/0a5uCB1CvrE?feature=oembed\" frameborder=\"0\" allow=\"accelerometer; autoplay; clipboard-write; encrypted-media; gyroscope; picture-in-picture; web-share\" referrerpolicy=\"strict-origin-when-cross-origin\" allowfullscreen><\/iframe>\n<\/div><\/figure>\n\n\n<div id=\"pl-gb2763-69f732b449641\"  class=\"panel-layout\" ><div id=\"pg-gb2763-69f732b449641-0\"  class=\"panel-grid panel-no-style\" ><div id=\"pgc-gb2763-69f732b449641-0-0\"  class=\"panel-grid-cell\" ><div id=\"panel-gb2763-69f732b449641-0-0-0\" class=\"so-panel widget widget_zoom-social-icons-widget zoom-social-icons-widget panel-first-child panel-last-child\" data-index=\"0\"><h3 class=\"widget-title\">Subskrybuj nasz kana\u0142!<\/h3>\n\t\t\n<ul class=\"zoom-social-icons-list zoom-social-icons-list--with-canvas zoom-social-icons-list--round zoom-social-icons-list--no-labels\">\n\n\t\t\n\t\t\t\t<li class=\"zoom-social_icons-list__item\">\n\t\t<a class=\"zoom-social_icons-list__link\" href=\"https:\/\/www.youtube.com\/channel\/UCyqTUBPhCjgLl22dzNPqQeQ\" target=\"_blank\" title=\"Default Label\" >\n\t\t\t\t\t\t\t\t\t\n\t\t\t\t\t\t<span class=\"screen-reader-text\">youtube<\/span>\n\t\t\t\n\t\t\t\t\t\t<span class=\"zoom-social_icons-list-span social-icon socicon socicon-youtube\" data-hover-rule=\"background-color\" data-hover-color=\"#e02a20\" style=\"background-color : #e02a20; font-size: 23px; padding:8px\" ><\/span>\n\t\t\t\n\t\t\t\t\t<\/a>\n\t<\/li>\n\n\t\n<\/ul>\n\n\t\t<\/div><\/div><\/div><\/div>\n\n\n<p><\/p>\n","protected":false},"excerpt":{"rendered":"","protected":false},"author":1,"featured_media":0,"parent":0,"menu_order":0,"comment_status":"closed","ping_status":"closed","template":"","meta":{"footnotes":""},"class_list":["post-2763","page","type-page","status-publish","hentry"],"_links":{"self":[{"href":"https:\/\/chor.fuw.edu.pl\/index.php\/wp-json\/wp\/v2\/pages\/2763","targetHints":{"allow":["GET"]}}],"collection":[{"href":"https:\/\/chor.fuw.edu.pl\/index.php\/wp-json\/wp\/v2\/pages"}],"about":[{"href":"https:\/\/chor.fuw.edu.pl\/index.php\/wp-json\/wp\/v2\/types\/page"}],"author":[{"embeddable":true,"href":"https:\/\/chor.fuw.edu.pl\/index.php\/wp-json\/wp\/v2\/users\/1"}],"replies":[{"embeddable":true,"href":"https:\/\/chor.fuw.edu.pl\/index.php\/wp-json\/wp\/v2\/comments?post=2763"}],"version-history":[{"count":13,"href":"https:\/\/chor.fuw.edu.pl\/index.php\/wp-json\/wp\/v2\/pages\/2763\/revisions"}],"predecessor-version":[{"id":4299,"href":"https:\/\/chor.fuw.edu.pl\/index.php\/wp-json\/wp\/v2\/pages\/2763\/revisions\/4299"}],"wp:attachment":[{"href":"https:\/\/chor.fuw.edu.pl\/index.php\/wp-json\/wp\/v2\/media?parent=2763"}],"curies":[{"name":"wp","href":"https:\/\/api.w.org\/{rel}","templated":true}]}}