{"id":22,"date":"2020-11-12T13:10:34","date_gmt":"2020-11-12T12:10:34","guid":{"rendered":"http:\/\/choir.fuw.edu.pl\/?page_id=22"},"modified":"2025-09-19T09:34:39","modified_gmt":"2025-09-19T07:34:39","slug":"strona-glowna","status":"publish","type":"page","link":"https:\/\/chor.fuw.edu.pl\/","title":{"rendered":"Strona g\u0142\u00f3wna"},"content":{"rendered":"\r\n<p><img fetchpriority=\"high\" decoding=\"async\" class=\"aligncenter size-full wp-image-4572\" src=\"https:\/\/chor.fuw.edu.pl\/wp-content\/uploads\/2023\/05\/DSC0847.jpg\" alt=\"\" width=\"1398\" height=\"932\" srcset=\"https:\/\/chor.fuw.edu.pl\/wp-content\/uploads\/2023\/05\/DSC0847.jpg 1398w, https:\/\/chor.fuw.edu.pl\/wp-content\/uploads\/2023\/05\/DSC0847-300x200.jpg 300w, https:\/\/chor.fuw.edu.pl\/wp-content\/uploads\/2023\/05\/DSC0847-1024x683.jpg 1024w, https:\/\/chor.fuw.edu.pl\/wp-content\/uploads\/2023\/05\/DSC0847-768x512.jpg 768w, https:\/\/chor.fuw.edu.pl\/wp-content\/uploads\/2023\/05\/DSC0847-750x500.jpg 750w, https:\/\/chor.fuw.edu.pl\/wp-content\/uploads\/2023\/05\/DSC0847-272x182.jpg 272w\" sizes=\"(max-width: 1398px) 100vw, 1398px\" \/><\/p>\r\n<p><strong>Ch\u00f3r Wydzia\u0142u Fizyki Uniwersytetu Warszawskiego<\/strong> od 2006 ro \u0142\u0105czy g\u0142osy fizyk\u00f3w i zaprzyja\u017anionych z Wydzia\u0142em niefizyk\u00f3w. Rozmi\u0142owani w badaniu i do\u015bwiadczaniu fizycznych aspekt\u00f3w d\u017awi\u0119ku, z przyjemno\u015bci\u0105 wykonujemy utwory zar\u00f3wno wsp\u00f3\u0142czesnych kompozytor\u00f3w, jak i dawniejszych, w tym tak\u017ce dzie\u0142a z towarzyszeniem instrumentalnym. Szczeg\u00f3ln\u0105 rado\u015b\u0107 sprawia nam wykonywanie utwor\u00f3w napisanych specjalnie dla nas, w\u015br\u00f3d kt\u00f3rych s\u0105 m.in \u201eFizyka ch\u00f3ralna\u201d J\u0119drzeja Rocha Rocheckiego, \u201cFluorine family\u201d Anny Huszczy czy te\u017c \u201cHo\u017cy Song\u201d duetu kompozytorskiego Rafa\u0142 Kulczycki \u2013 Dominika Czajkowska \u2013 Ptak.<\/p>\r\n<p>Bierzemy udzia\u0142 w uroczysto\u015bciach wydzia\u0142owych oraz rozmaitych uniwersyteckich inicjatywach, m.in. z okazji 200-lecia UW wykonywali\u015bmy wybrane \u201e\u015apiewy historyczne\u201d J.U. Niemcewicza ubrani w dziewi\u0119tnastowieczne stroje, w ramach warsztat\u00f3w Uniwersytetu Otwartego zorganizowanych na dachu BUW-u ilustrowali\u015bmy rozchodzenie si\u0119 fal d\u017awi\u0119kowych, za\u015b na Uniwersytecie Dzieci opowiadali\u015bmy na czym polega \u015bpiewanie w ch\u00f3rze.<\/p>\r\n<p>Nasz\u0105 pasj\u0105 dzielimy si\u0119 tak\u017ce podczas corocznych \u201eCh\u00f3ralnych Akceleracji\u201d, kt\u00f3re organizujemy wraz z innymi ch\u00f3rami wydzia\u0142owym. Mieli\u015bmy tak\u017ce przyjemno\u015b\u0107 muzykowania na olszty\u0144skim \u201eWielosztuku kulturalnym\u201d, \u0142\u00f3dzkim \u201eCantate Lodziensis\u201d (gdzie zostali\u015bmy laureatami trzeciego miejsca), warszawskim festiwalu \u201eCantate Domino\u201d i innych. Du\u017cym prze\u017cyciem muzycznym by\u0142 dla nas udzia\u0142 w projektach \u201eMoc Klasyki\u201d, w ramach kt\u00f3rego byli\u015bmy wsp\u00f3\u0142wykonawcami wspania\u0142ego dzie\u0142a \u201eCarmina Burana\u201d Carla Orffa oraz \u201cPlanet\u201d Gustava Holsta.\u00a0<\/p>\r\n<p>Pr\u00f3by Ch\u00f3ru odbywaj\u0105 si\u0119 raz w tygodniu, we wtorki w godzinach 17:30-20:00 w auli 006 na Wydziale Fizyki UW (ul. Pasteura 5).<\/p>\r\n<p>Dyrygentk\u0105 Ch\u00f3ru FUW jest Katarzyna Szewczyk.\u00a0<\/p>\r\n<p><img decoding=\"async\" class=\"aligncenter size-full wp-image-4655\" src=\"https:\/\/chor.fuw.edu.pl\/wp-content\/uploads\/2024\/05\/chor-fuw.png\" alt=\"\" width=\"940\" height=\"788\" srcset=\"https:\/\/chor.fuw.edu.pl\/wp-content\/uploads\/2024\/05\/chor-fuw.png 940w, https:\/\/chor.fuw.edu.pl\/wp-content\/uploads\/2024\/05\/chor-fuw-300x251.png 300w, https:\/\/chor.fuw.edu.pl\/wp-content\/uploads\/2024\/05\/chor-fuw-768x644.png 768w\" sizes=\"(max-width: 940px) 100vw, 940px\" \/><\/p>\r\n","protected":false},"excerpt":{"rendered":"<p>Ch\u00f3r Wydzia\u0142u Fizyki Uniwersytetu Warszawskiego od 2006 ro \u0142\u0105czy g\u0142osy fizyk\u00f3w i zaprzyja\u017anionych z Wydzia\u0142em niefizyk\u00f3w. Rozmi\u0142owani w badaniu i do\u015bwiadczaniu fizycznych aspekt\u00f3w d\u017awi\u0119ku, z przyjemno\u015bci\u0105 wykonujemy utwory zar\u00f3wno wsp\u00f3\u0142czesnych <a href=\"https:\/\/chor.fuw.edu.pl\/\" rel=\"nofollow\"><span class=\"sr-only\">Read more about Strona g\u0142\u00f3wna<\/span>[&hellip;]<\/a><\/p>\n","protected":false},"author":1,"featured_media":0,"parent":0,"menu_order":0,"comment_status":"closed","ping_status":"closed","template":"","meta":{"footnotes":""},"class_list":["post-22","page","type-page","status-publish","hentry"],"_links":{"self":[{"href":"https:\/\/chor.fuw.edu.pl\/index.php\/wp-json\/wp\/v2\/pages\/22","targetHints":{"allow":["GET"]}}],"collection":[{"href":"https:\/\/chor.fuw.edu.pl\/index.php\/wp-json\/wp\/v2\/pages"}],"about":[{"href":"https:\/\/chor.fuw.edu.pl\/index.php\/wp-json\/wp\/v2\/types\/page"}],"author":[{"embeddable":true,"href":"https:\/\/chor.fuw.edu.pl\/index.php\/wp-json\/wp\/v2\/users\/1"}],"replies":[{"embeddable":true,"href":"https:\/\/chor.fuw.edu.pl\/index.php\/wp-json\/wp\/v2\/comments?post=22"}],"version-history":[{"count":5,"href":"https:\/\/chor.fuw.edu.pl\/index.php\/wp-json\/wp\/v2\/pages\/22\/revisions"}],"predecessor-version":[{"id":4656,"href":"https:\/\/chor.fuw.edu.pl\/index.php\/wp-json\/wp\/v2\/pages\/22\/revisions\/4656"}],"wp:attachment":[{"href":"https:\/\/chor.fuw.edu.pl\/index.php\/wp-json\/wp\/v2\/media?parent=22"}],"curies":[{"name":"wp","href":"https:\/\/api.w.org\/{rel}","templated":true}]}}